{"id":45,"date":"2019-12-28T20:47:43","date_gmt":"2019-12-28T20:47:43","guid":{"rendered":"https:\/\/flytilstand.dk\/?page_id=45"},"modified":"2020-10-10T15:45:24","modified_gmt":"2020-10-10T13:45:24","slug":"contact","status":"publish","type":"page","link":"https:\/\/flytilstand.dk\/?page_id=45","title":{"rendered":"About"},"content":{"rendered":"\t\t<div data-elementor-type=\"wp-page\" data-elementor-id=\"45\" class=\"elementor elementor-45\">\n\t\t\t\t\t\t<section class=\"elementor-section elementor-top-section elementor-element elementor-element-fc864ab elementor-section-boxed elementor-section-height-default elementor-section-height-default\" data-id=\"fc864ab\" data-element_type=\"section\">\n\t\t\t\t\t\t<div class=\"elementor-container elementor-column-gap-default\">\n\t\t\t\t\t<div class=\"elementor-column elementor-col-100 elementor-top-column elementor-element elementor-element-b15e511\" data-id=\"b15e511\" data-element_type=\"column\">\n\t\t\t<div class=\"elementor-widget-wrap elementor-element-populated\">\n\t\t\t\t\t\t<div class=\"elementor-element elementor-element-d7a1a93 elementor-widget elementor-widget-text-editor\" data-id=\"d7a1a93\" data-element_type=\"widget\" data-widget_type=\"text-editor.default\">\n\t\t\t\t<div class=\"elementor-widget-container\">\n\t\t\t\t\t\t\t\t\t\t\t\t\t<\/div>\n\t\t\t\t<\/div>\n\t\t\t\t<div class=\"elementor-element elementor-element-652c2d3 elementor-widget elementor-widget-text-editor\" data-id=\"652c2d3\" data-element_type=\"widget\" data-widget_type=\"text-editor.default\">\n\t\t\t\t<div class=\"elementor-widget-container\">\n\t\t\t\t\t\t\t<!-- wp:paragraph -->\n<p>Det er vigtigt at holde pauser nogen gange. Tage tid til sig selv. Meningen med vores m\u00e6rke er at lave behageligt t\u00f8j til n\u00e5r at man bare gerne vil sl\u00e5 det hele p\u00e5 flytilstand. T\u00f8j man b\u00e5de kan slappe af i, men ogs\u00e5 kan se godt ud i.<\/p>\n<!-- \/wp:paragraph -->\n\n<!-- wp:paragraph -->\n<p>Flytilstand er et m\u00e6rke startet i 2019 af Andreas S\u00f8rensen og  Elva J\u00f8rgensen , f\u00e6tter og kusine. Ideen til Flytilstand startede da Elva lavede et linoleums tryk, som hun valgte at trykke p\u00e5 en tr\u00f8je og give til Andreas i julegave. Da han \u00e5bnede gaven, blomstrede ideen om Flytilstand. I en alder af kun 13 og 14 \u00e5r, var det sv\u00e6rt at f\u00e5 en hel virksomhed op at st\u00e5. Det har taget lang tid at f\u00e5 det til at fungere, og vi er der stadig ikke helt endu, men vi er glade for langsomt at se vores id\u00e9 blive til virkelighed. <\/p>\n<!-- \/wp:paragraph -->\n\n<!-- wp:paragraph -->\n<p>Mvh. Elva og Andreas!<\/p>\n<!-- \/wp:paragraph -->\t\t\t\t\t\t<\/div>\n\t\t\t\t<\/div>\n\t\t\t\t\t<\/div>\n\t\t<\/div>\n\t\t\t\t\t<\/div>\n\t\t<\/section>\n\t\t\t\t<section class=\"elementor-section elementor-top-section elementor-element elementor-element-1b4adc82 elementor-section-boxed elementor-section-height-default elementor-section-height-default\" data-id=\"1b4adc82\" data-element_type=\"section\">\n\t\t\t\t\t\t<div class=\"elementor-container elementor-column-gap-default\">\n\t\t\t\t\t\t<\/div>\n\t\t<\/section>\n\t\t\t\t<section class=\"elementor-section elementor-top-section elementor-element elementor-element-9ab1797 elementor-section-boxed elementor-section-height-default elementor-section-height-default\" data-id=\"9ab1797\" data-element_type=\"section\">\n\t\t\t\t\t\t<div class=\"elementor-container elementor-column-gap-default\">\n\t\t\t\t\t<div class=\"elementor-column elementor-col-66 elementor-top-column elementor-element elementor-element-3f7cc9b\" data-id=\"3f7cc9b\" data-element_type=\"column\">\n\t\t\t<div class=\"elementor-widget-wrap elementor-element-populated\">\n\t\t\t\t\t\t<div class=\"elementor-element elementor-element-36e0b65 elementor-widget elementor-widget-video\" data-id=\"36e0b65\" data-element_type=\"widget\" data-settings=\"{&quot;youtube_url&quot;:&quot;https:\\\/\\\/www.youtube.com\\\/watch?v=fjt1eloickA&amp;ab_channel=AnnaHognadottir&quot;,&quot;video_type&quot;:&quot;youtube&quot;,&quot;controls&quot;:&quot;yes&quot;}\" data-widget_type=\"video.default\">\n\t\t\t\t<div class=\"elementor-widget-container\">\n\t\t\t\t\t<div class=\"elementor-wrapper elementor-open-inline\">\n\t\t\t<div class=\"elementor-video\"><\/div>\t\t<\/div>\n\t\t\t\t<\/div>\n\t\t\t\t<\/div>\n\t\t\t\t\t<\/div>\n\t\t<\/div>\n\t\t\t\t<div class=\"elementor-column elementor-col-100 elementor-top-column elementor-element elementor-element-25d29ccf\" data-id=\"25d29ccf\" data-element_type=\"column\">\n\t\t\t<div class=\"elementor-widget-wrap elementor-element-populated\">\n\t\t\t\t\t\t<div class=\"elementor-element elementor-element-7de36ad elementor-widget elementor-widget-text-editor\" data-id=\"7de36ad\" data-element_type=\"widget\" data-widget_type=\"text-editor.default\">\n\t\t\t\t<div class=\"elementor-widget-container\">\n\t\t\t\t\t\t\t<h2>We have been so lucky to be a part of the Enable project! We had to do an interview about what it is like starting a business so young. We talk about the struggles we have met, and what we are still struggeling with. We hope you like it!<\/h2>\n<h2>\u2013 Elva and Andreas<\/h2>\t\t\t\t\t\t<\/div>\n\t\t\t\t<\/div>\n\t\t\t\t\t<\/div>\n\t\t<\/div>\n\t\t\t\t<div class=\"elementor-column elementor-col-33 elementor-top-column elementor-element elementor-element-2558b10\" data-id=\"2558b10\" data-element_type=\"column\">\n\t\t\t<div class=\"elementor-widget-wrap elementor-element-populated\">\n\t\t\t\t\t\t<div class=\"elementor-element elementor-element-51245d68 elementor-widget elementor-widget-text-editor\" data-id=\"51245d68\" data-element_type=\"widget\" data-widget_type=\"text-editor.default\">\n\t\t\t\t<div class=\"elementor-widget-container\">\n\t\t\t\t\t\t\t\t\t\t\t\t\t<\/div>\n\t\t\t\t<\/div>\n\t\t\t\t\t<\/div>\n\t\t<\/div>\n\t\t\t\t\t<\/div>\n\t\t<\/section>\n\t\t\t\t<\/div>\n\t\t","protected":false},"excerpt":{"rendered":"<p>Det er vigtigt at holde pauser nogen gange. Tage tid til sig selv. Meningen med vores m\u00e6rke er at lave behageligt t\u00f8j til n\u00e5r at man bare gerne vil sl\u00e5 det hele p\u00e5 flytilstand. T\u00f8j man b\u00e5de kan slappe af i, men ogs\u00e5 kan se godt ud i. Flytilstand er et m\u00e6rke startet i 2019 [&hellip;]<\/p>\n","protected":false},"author":1,"featured_media":0,"parent":0,"menu_order":0,"comment_status":"closed","ping_status":"closed","template":"","meta":{"footnotes":""},"class_list":["post-45","page","type-page","status-publish","hentry","entry","owp-thumbs-layout-horizontal","owp-btn-normal","owp-tabs-layout-horizontal","has-no-thumbnails","has-product-nav"],"_links":{"self":[{"href":"https:\/\/flytilstand.dk\/index.php?rest_route=\/wp\/v2\/pages\/45","targetHints":{"allow":["GET"]}}],"collection":[{"href":"https:\/\/flytilstand.dk\/index.php?rest_route=\/wp\/v2\/pages"}],"about":[{"href":"https:\/\/flytilstand.dk\/index.php?rest_route=\/wp\/v2\/types\/page"}],"author":[{"embeddable":true,"href":"https:\/\/flytilstand.dk\/index.php?rest_route=\/wp\/v2\/users\/1"}],"replies":[{"embeddable":true,"href":"https:\/\/flytilstand.dk\/index.php?rest_route=%2Fwp%2Fv2%2Fcomments&post=45"}],"version-history":[{"count":10,"href":"https:\/\/flytilstand.dk\/index.php?rest_route=\/wp\/v2\/pages\/45\/revisions"}],"predecessor-version":[{"id":3277,"href":"https:\/\/flytilstand.dk\/index.php?rest_route=\/wp\/v2\/pages\/45\/revisions\/3277"}],"wp:attachment":[{"href":"https:\/\/flytilstand.dk\/index.php?rest_route=%2Fwp%2Fv2%2Fmedia&parent=45"}],"curies":[{"name":"wp","href":"https:\/\/api.w.org\/{rel}","templated":true}]}}